{"id":17,"date":"2026-03-17T12:22:18","date_gmt":"2026-03-17T12:22:18","guid":{"rendered":"https:\/\/www.vwn-verden.de\/?page_id=17"},"modified":"2026-03-18T09:40:48","modified_gmt":"2026-03-18T09:40:48","slug":"startseite","status":"publish","type":"page","link":"https:\/\/www.vwn-verden.de\/","title":{"rendered":"Startseite"},"content":{"rendered":"\n<div class=\"wp-block-columns is-layout-flex wp-container-core-columns-is-layout-4410a3a4 wp-block-columns-is-layout-flex\" style=\"margin-top:var(--wp--preset--spacing--medium);margin-bottom:var(--wp--preset--spacing--medium);padding-right:0;padding-left:0\">\n<div class=\"wp-block-column col-12 col-sm-12 col-lg-8 is-layout-flow wp-block-column-is-layout-flow\" style=\"flex-basis:66.66%;width:66.66%\">\n<div class=\"wp-block-group has-global-padding is-layout-constrained wp-container-core-group-is-layout-7db9d80f wp-block-group-is-layout-constrained gs_6Zomrz group_wrap\" style=\"padding-right:0;padding-left:0\">\n<p>Der Kaufm\u00e4nnische Verein zu Verden hat in seiner Jahreshautpversammlung am 26. Februar 2026 den Beschlu\u00df des Vorstandes auf Namens\u00e4nderung zugestimmt.<\/p>\n\n\n\n<p>Der neue Zusammenschlu\u00df mit dem <strong>Verdener Wirtschafts-Netzwerk (VWN)<\/strong> wird k\u00fcnftig alle Unternehmen in Verden gezielt ansprechen. Vom Einzelhandel \u00fcber Handwerk, von Dienstleistern bis zur Industrie.<\/p>\n\n\n\n<p>Hier wird die zentrale Plattform der Wirtschaft in Verden vertreten sein \u2013 hier gestalten wir gemeinsam die Zukunft unseres Standortes.<\/p>\n\n\n\n<p class=\"gs_M1si1p\"><strong>Folgende Ziele haben wir bisher definiert:<\/strong><\/p>\n\n\n\n<ul class=\"wp-block-greyd-list\" style=\"margin-top:var(--wp--preset--spacing--tiny)\" id=\"list_6a08940c956bd\">\n<li style=\"margin-left: 20px; \"><span class=\"list_icon\"><\/span><span class=\"list_content\"><p>St\u00e4rkung des Wirtschaftsstandorts Verden<\/p><\/span><\/li>\n\n\n\n<li style=\"margin-left: 20px; \"><span class=\"list_icon\"><\/span><span class=\"list_content\"><p>F\u00f6rderung der Zusammenarbeit lokaler Unternehmen<\/p><\/span><\/li>\n\n\n\n<li style=\"margin-left: 20px; \"><span class=\"list_icon\"><\/span><span class=\"list_content\"><p>Unterst\u00fctzung von Gr\u00fcndungen und Innovationen<\/p><\/span><\/li>\n\n\n\n<li style=\"margin-left: 20px; \"><span class=\"list_icon\"><\/span><span class=\"list_content\"><p>Fachkr\u00e4ftesicherung und Ausbildung f\u00f6rdern.<\/p><\/span><\/li>\n<\/ul>\n\n\n\n<p>Kontakt k\u00f6nnen Sie per Mail mit uns aufnehmen.<br><strong><a href=\"mailto:info@vwn-verden.de\">info@vwn-verden.de<\/a><\/strong><\/p>\n\n\n\n<p>Aike-Simone Ensink<br>Harald Nienaber<br>Martin Deter<br>Uwe K\u00f6rner<br>G\u00f6rdt Glander<\/p>\n\n\n\n<div class=\"wp-block-group has-global-padding is-layout-constrained wp-block-group-is-layout-constrained\" style=\"margin-top:var(--wp--preset--spacing--medium);margin-bottom:var(--wp--preset--spacing--medium)\"><figure style=\"\" class=\"wp-block-image greyd-image   gs_lkv55y\"><img loading=\"lazy\" decoding=\"async\" width=\"1500\" height=\"507\" src=\"https:\/\/www.vwn-verden.de\/wp-content\/uploads\/2026\/03\/IMG_9924_web-1.jpg\" class=\"wp-image-49\" alt=\"IMG_9924_web\" srcset=\"https:\/\/www.vwn-verden.de\/wp-content\/uploads\/2026\/03\/IMG_9924_web-1.jpg 1500w, https:\/\/www.vwn-verden.de\/wp-content\/uploads\/2026\/03\/IMG_9924_web-1-300x101.jpg 300w, https:\/\/www.vwn-verden.de\/wp-content\/uploads\/2026\/03\/IMG_9924_web-1-1024x346.jpg 1024w, https:\/\/www.vwn-verden.de\/wp-content\/uploads\/2026\/03\/IMG_9924_web-1-768x260.jpg 768w\" sizes=\"auto, (max-width: 1500px) 100vw, 1500px\" \/><\/figure>\n\n\n<h2 class=\"wp-block-heading\">Andreas Mattfeldt zu Gast beim VWN<\/h2>\n\n\n\n<p>Auf Einladung des\u00a0<strong>Verdener Wirtschafts-Netzwerks\u00a0<\/strong>(VWN) war der Bundestagsabgeordnete\u00a0<strong>Andreas Mattfeldt\u00a0<\/strong>am 12. M\u00e4rz 2026 zu Gast im Hotel H\u00f6ltje in Verden.\u00a0<\/p>\n\n\n\n<p>Vor zahlreichen interessierten G\u00e4sten aus dem VWN\u00a0berichtete er aus erster Hand\u00a0\u00fcber seine Arbeit als Mitglied\u00a0des Deutschen Bundestages.<\/p>\n\n\n\n<p>In seinem Vortrag ging Andreas Mattfeldt sowohl auf aktuelle politische Entwicklungen in Berlin als auch auf die\u00a0gegenw\u00e4rtige wirtschaftliche Lage in Deutschland ein.\u00a0<\/p>\n\n\n\n<p>Dabei gab er Einblicke in parlamentarische Abl\u00e4ufe, wirtschaftspolitische Herausforderungen und die Perspektiven\u00a0f\u00fcr Unternehmen und Mittelstand.<\/p>\n\n\n\n<p>Der Abend bot den Teilnehmenden nicht nur informative Einblicke, sondern auch Gelegenheit zu Fragen und zum\u00a0pers\u00f6nlichen Austausch.\u00a0<\/p>\n\n\n\n<div class=\"wp-block-media-text is-stacked-on-mobile is-vertically-aligned-top\"><figure class=\"wp-block-media-text__media\"><img loading=\"lazy\" decoding=\"async\" width=\"1024\" height=\"700\" src=\"https:\/\/www.vwn-verden.de\/wp-content\/uploads\/2026\/03\/IMG_9922_web-1024x700.jpg\" alt=\"\" class=\"wp-image-47 size-full\" srcset=\"https:\/\/www.vwn-verden.de\/wp-content\/uploads\/2026\/03\/IMG_9922_web-1024x700.jpg 1024w, https:\/\/www.vwn-verden.de\/wp-content\/uploads\/2026\/03\/IMG_9922_web-300x205.jpg 300w, https:\/\/www.vwn-verden.de\/wp-content\/uploads\/2026\/03\/IMG_9922_web-768x525.jpg 768w, https:\/\/www.vwn-verden.de\/wp-content\/uploads\/2026\/03\/IMG_9922_web.jpg 1500w\" sizes=\"auto, (max-width: 1024px) 100vw, 1024px\" \/><\/figure><div class=\"wp-block-media-text__content\">\n<p>In angenehmer Atmosph\u00e4re entwickelte sich eine lebhafte Diskussion, die das gro\u00dfe Interesse der anwesenden\u00a0Unternehmerinnen und Unternehmer widerspiegelte.<\/p>\n<\/div><\/div>\n<\/div>\n<\/div>\n<\/div>\n\n\n\n<div class=\"wp-block-column col-12 col-sm-12 col-lg-4 has-base-background-color has-background is-layout-flow wp-block-column-is-layout-flow\" style=\"flex-basis:33.33%;width:33.33%\">\n<h3 class=\"wp-block-heading\">Die n\u00e4chsten Veranstaltungen:<\/h3>\n\n\n\n<p>Donnerstag, 19.3., 18.30 Uhr<br>Hotel H\u00f6ltje<br><strong>Netzwerktreffen<\/strong><br>Thema: Fusion VWN und Kaufm\u00e4nnischen Verein<\/p>\n\n\n\n<p>Sonntag, 19. April &#8211; 13-18 Uhr<br><strong>Mobilit\u00e4tstag<\/strong><br>Verden Innenstadt, mit verkaufsoffenem Sonntag<\/p>\n\n\n\n<p>Donnerstag, 23. April, 18.30 Uhr<br><strong>Netzwerktreffen bei Frerichs-Glas<\/strong><br>Energietechnologien mit BVMW<br>bitte anmelden<\/p>\n\n\n\n<p>Mittwoch, 13. Mai<br><strong>David McAllister &#8211; J\u00f6rn Ehlers (IHK)&nbsp;<\/strong><br>Thema Mercosur zusammen mit Europa-Union<\/p>\n\n\n\n<p>Donnerstag, 21. Mai<br><strong>Firmenbesichtigung<\/strong><br>(in Vorbereitung)<\/p>\n\n\n\n<p>Donnerstag, 18. Juni, 18.30 Uhr<br><strong>Sommergrillen<\/strong> mit den drei B\u00fcrgermeisterkandidat*innen<br>Hotel H\u00f6ltje<\/p>\n<\/div>\n<\/div>\n\n\n\n<p><\/p>\n","protected":false},"excerpt":{"rendered":"<p>Der Kaufm\u00e4nnische Verein zu Verden hat in seiner Jahreshautpversammlung am 26. Februar 2026 den Beschlu\u00df des Vorstandes auf Namens\u00e4nderung zugestimmt. Der neue Zusammenschlu\u00df mit dem Verdener Wirtschafts-Netzwerk (VWN) wird k\u00fcnftig alle Unternehmen in Verden gezielt ansprechen. Vom Einzelhandel \u00fcber Handwerk, von Dienstleistern bis zur Industrie. Hier wird die zentrale Plattform der Wirtschaft in Verden vertreten [&hellip;]<\/p>\n","protected":false},"author":1,"featured_media":0,"parent":0,"menu_order":0,"comment_status":"closed","ping_status":"closed","template":"","meta":{"greyd_block_editor_preview":[],"footnotes":""},"class_list":["post-17","page","type-page","status-publish","hentry"],"_links":{"self":[{"href":"https:\/\/www.vwn-verden.de\/index.php?rest_route=\/wp\/v2\/pages\/17","targetHints":{"allow":["GET"]}}],"collection":[{"href":"https:\/\/www.vwn-verden.de\/index.php?rest_route=\/wp\/v2\/pages"}],"about":[{"href":"https:\/\/www.vwn-verden.de\/index.php?rest_route=\/wp\/v2\/types\/page"}],"author":[{"embeddable":true,"href":"https:\/\/www.vwn-verden.de\/index.php?rest_route=\/wp\/v2\/users\/1"}],"replies":[{"embeddable":true,"href":"https:\/\/www.vwn-verden.de\/index.php?rest_route=%2Fwp%2Fv2%2Fcomments&post=17"}],"version-history":[{"count":15,"href":"https:\/\/www.vwn-verden.de\/index.php?rest_route=\/wp\/v2\/pages\/17\/revisions"}],"predecessor-version":[{"id":63,"href":"https:\/\/www.vwn-verden.de\/index.php?rest_route=\/wp\/v2\/pages\/17\/revisions\/63"}],"wp:attachment":[{"href":"https:\/\/www.vwn-verden.de\/index.php?rest_route=%2Fwp%2Fv2%2Fmedia&parent=17"}],"curies":[{"name":"wp","href":"https:\/\/api.w.org\/{rel}","templated":true}]}}