{"id":29,"date":"2026-03-17T12:47:44","date_gmt":"2026-03-17T12:47:44","guid":{"rendered":"https:\/\/www.vwn-verden.de\/?page_id=29"},"modified":"2026-03-17T12:47:45","modified_gmt":"2026-03-17T12:47:45","slug":"impressum","status":"publish","type":"page","link":"https:\/\/www.vwn-verden.de\/?page_id=29","title":{"rendered":"Impressum"},"content":{"rendered":"\n<p><strong>Inhaltlich Verantwortlicher gem\u00e4\u00df \u00a7 55 Abs. 2 RStV:<br><\/strong>Kaufm\u00e4nnischer Verein Verden e.V.<br>Anita-Augspurg-Platz 7<br>27283 Verden<br>eMail:\u00a0<a href=\"mailto:info@vwn-verden.de\">info@verden-hats.de<\/a><\/p>\n\n\n\n<p>USt-Id.Nr.: 48\/207\/02911<\/p>\n\n\n\n<p><strong>Verantwortungsbereich:<\/strong>\u00a0Das Impressum gilt nur f\u00fcr die Internetpr\u00e4senz unter der Adresse: www.vwn-verden.de<\/p>\n\n\n\n<p>Abgrenzung: Die Web-Pr\u00e4senz ist Teil des WWW und dementsprechend mit fremden, sich jederzeit wandeln k\u00f6nnenden Web-Sites verkn\u00fcpft, die folglich auch nicht diesem Verantwortungsbereich unterliegen und f\u00fcr die nach-folgenden Informationen nicht gelten. Dass die Links weder gegen Sitten noch Gesetze versto\u00dfen, wurde genau ein mal gepr\u00fcft: bevor sie hier aufgenommen wurden.<\/p>\n\n\n\n<p><strong>Technischer Ansprechpartner:<\/strong>&nbsp;Schrift &amp; Bild Nienaber GmbH im Haus der Werbung,&nbsp;<a href=\"mailto:mail@hdw-verden.de\">mail@hdw-verden.de<\/a><\/p>\n\n\n\n<p><strong>elektronische Postadresse:<\/strong>\u00a0<a href=\"mailto:info@vwn-verden.de\">info@vwn-verden.de<\/a><\/p>\n\n\n\n<p><strong>Haftungsausschluss:<\/strong><br>Das Haus der Werbung \u00fcbernimmt keine Gew\u00e4hr f\u00fcr die Richtigkeit, Vollst\u00e4ndigkeit und Aktualit\u00e4t der auf dieser Website angebotenen Informationen. In keinem Fall wird f\u00fcr Sch\u00e4den, die sich aus der Nutzung oder Nichtnutzung dieser Website ergeben, eine Haftung \u00fcbernommen.<br>F\u00fcr alle auf dieser Website angebotenen externen Links, die auf fremde Websites zeigen, auf denen Inhalte angeboten werden, die von Dritten zu verantworten sind, wird keine wie auch immer geartete Haftung bez\u00fcglich der Inhalte \u00fcbernommen. Harald Nienaber erkl\u00e4rt hiermit, keinerlei Einfluss auf die aktuelle und zuk\u00fcnftige Gestaltung, die Inhalte oder die Urheberschaft der verlinkten Seiten zu haben, distanziert sich hiermit ausdr\u00fccklich von s\u00e4mtlichen Inhalten aller auf unserer Website verlinkten Seiten, die nach der Linksetzung ver\u00e4ndert wurden und macht sich diese Inhalte in keinem Fall zu Eigen.<\/p>\n\n\n\n<p>Wir sind dankbar f\u00fcr jeden Hinweis auf bedenkliche Inhalte von Seiten, auf die mittels Link von unserer Website aus verwiesen wird.<\/p>\n\n\n\n<p><strong>Urheberrechtshinweis:<\/strong><br>Alle Inhalte und Strukturen dieser Website sind urheber- und leistungsschutzrechtlich gesch\u00fctzt. Die Ver\u00f6ffentlichung im World Wide Web oder in sonstigen Diensten des Internet bedeutet noch keine Einverst\u00e4ndniserkl\u00e4rung f\u00fcr eine anderweitige Nutzung durch Dritte.<\/p>\n\n\n\n<p>Wir erlauben und begr\u00fc\u00dfen ausdr\u00fccklich das Zitieren unserer Dokumente sowie das Setzen von Links auf unsere Website, solange kenntlich gemacht wird, dass es sich um Inhalte der Website vom Haus der Werbung handelt und diese Inhalte nicht in Verbindung mit Inhalten Dritter gebracht werden, die den Interessen vom Haus der Werbung widersprechen.<\/p>\n\n\n\n<p><strong>Gewerbliche Schutzrechte:<\/strong><br>Alle innerhalb dieser Website genannten und ggf. durch Dritte gesch\u00fctzten Marken- und Warenzeichen unterliegen uneingeschr\u00e4nkt den Bestimmungen des jeweils g\u00fcltigen Kennzeichenrechts und den Besitzrechten der jeweiligen eingetragenen Eigent\u00fcmer.<br>Allein aufgrund der blo\u00dfen Nennung ist nicht der Schluss zu ziehen, dass Markenzeichen nicht durch Rechte Dritter gesch\u00fctzt sind.<\/p>\n","protected":false},"excerpt":{"rendered":"<p>Inhaltlich Verantwortlicher gem\u00e4\u00df \u00a7 55 Abs. 2 RStV:Kaufm\u00e4nnischer Verein Verden e.V.Anita-Augspurg-Platz 727283 VerdeneMail:\u00a0info@verden-hats.de USt-Id.Nr.: 48\/207\/02911 Verantwortungsbereich:\u00a0Das Impressum gilt nur f\u00fcr die Internetpr\u00e4senz unter der Adresse: www.vwn-verden.de Abgrenzung: Die Web-Pr\u00e4senz ist Teil des WWW und dementsprechend mit fremden, sich jederzeit wandeln k\u00f6nnenden Web-Sites verkn\u00fcpft, die folglich auch nicht diesem Verantwortungsbereich unterliegen und f\u00fcr die nach-folgenden Informationen [&hellip;]<\/p>\n","protected":false},"author":1,"featured_media":0,"parent":0,"menu_order":0,"comment_status":"closed","ping_status":"closed","template":"","meta":{"greyd_block_editor_preview":[],"footnotes":""},"class_list":["post-29","page","type-page","status-publish","hentry"],"_links":{"self":[{"href":"https:\/\/www.vwn-verden.de\/index.php?rest_route=\/wp\/v2\/pages\/29","targetHints":{"allow":["GET"]}}],"collection":[{"href":"https:\/\/www.vwn-verden.de\/index.php?rest_route=\/wp\/v2\/pages"}],"about":[{"href":"https:\/\/www.vwn-verden.de\/index.php?rest_route=\/wp\/v2\/types\/page"}],"author":[{"embeddable":true,"href":"https:\/\/www.vwn-verden.de\/index.php?rest_route=\/wp\/v2\/users\/1"}],"replies":[{"embeddable":true,"href":"https:\/\/www.vwn-verden.de\/index.php?rest_route=%2Fwp%2Fv2%2Fcomments&post=29"}],"version-history":[{"count":1,"href":"https:\/\/www.vwn-verden.de\/index.php?rest_route=\/wp\/v2\/pages\/29\/revisions"}],"predecessor-version":[{"id":30,"href":"https:\/\/www.vwn-verden.de\/index.php?rest_route=\/wp\/v2\/pages\/29\/revisions\/30"}],"wp:attachment":[{"href":"https:\/\/www.vwn-verden.de\/index.php?rest_route=%2Fwp%2Fv2%2Fmedia&parent=29"}],"curies":[{"name":"wp","href":"https:\/\/api.w.org\/{rel}","templated":true}]}}